{"id":114,"date":"2017-02-03T14:29:00","date_gmt":"2017-02-03T13:29:00","guid":{"rendered":"http:\/\/www.samenvoorlasante.be\/?page_id=114"},"modified":"2017-03-07T09:40:57","modified_gmt":"2017-03-07T08:40:57","slug":"a-propos","status":"publish","type":"page","link":"https:\/\/www.samenvoorlasante.be\/fr\/a-propos\/","title":{"rendered":"A propos"},"content":{"rendered":"<p><\/p>\n<h5 style=\"text-align: justify;\">\u00a0<small><strong>Description br\u00e8ve du projet \u00ab\u00a0ENSEMBLE POUR LA SANTE\u00a0\u00bb &#8211; \u00ab\u00a0SAMEN VOOR GEZONDHEID\u00a0\u00bb<\/strong><\/small><\/h5>\n<hr \/>\n<h5 style=\"text-align: justify;\"><small>\u00ab\u00a0Ensemble pour la sant\u00e9\u00a0\u00bb &#8211; \u00ab\u00a0Samen voor gezondheid\u00a0\u00bb est une initiative de la <a href=\"http:\/\/www.sante-solidarite.be\/\" target=\"_blank\">Plate-forme d&rsquo;Action Sant\u00e9 et Solidarit\u00e9<\/a>.<\/small><\/h5>\n<h1 style=\"text-align: justify;\"><\/h1>\n<p style=\"text-align: justify;\"><strong>De quoi s&rsquo;agit-il?<\/strong><br \/>\nUne \u00ab\u00a0biennale nationale pour la sant\u00e9 et le mieux-\u00eatre\u00a0\u00bb, dont la premi\u00e8re \u00e9dition aura lieu le 1er et 2 d\u00e9cembre 2017.<\/p>\n<p style=\"text-align: justify;\"><strong>Comment et pourquoi le projet est-il n\u00e9?<\/strong><\/p>\n<h6 style=\"text-align: justify;\">Nous sommes <strong>plus de <a href=\"http:\/\/www.samenvoorlasante.be\/fr\/partenaires\/\" target=\"_blank\">30 organisations partenaires flamandes, bruxelloises et wallonnes<\/a><\/strong> du secteur de la sant\u00e9 et du bien-\u00eatre, mais aussi des secteurs du logement, de l&rsquo;alimentation, de la mobilit\u00e9, de l&rsquo;enseignement,&#8230; Nous sommes tou-te-s convaincu-e-s que c&rsquo;est en rassemblant les forces et en collaborant que nous pourrons am\u00e9liorer la sant\u00e9 et r\u00e9duire les in\u00e9galit\u00e9s de sant\u00e9.<\/h6>\n<p style=\"text-align: justify;\">La sant\u00e9 \u00e9tant d\u00e9terminin\u00e9e principalement par des<strong> facteurs sociaux et \u00e9conomiques<\/strong>: revenu, emploi, \u00e9ducation, logement et environnement de vie, culture,&#8230; chaque secteur est indispensable.<\/p>\n<p style=\"text-align: justify;\">Depuis le d\u00e9but, nous collaborons \u00e0 travers un <strong>processus de co-construction<\/strong> qui m\u00e8ne, d\u00e9j\u00e0 maintenant, \u00e0 une dynamique passionnante permettant de d\u00e9couvrir des acteurs, d&rsquo;\u00e9changer des exp\u00e9riences et d&rsquo;encourager l&rsquo;expertise.<\/p>\n<p style=\"text-align: justify;\">Nous forcalisons notre attention sur le<strong> niveau local<\/strong> et nous allons \u00e0 la rencontre de projets <strong>innovants<\/strong> mettant en place une approche <strong>participative<\/strong>. La biennale permettra de donner un coup de projecteur sur ces initiatives qui sont autant de bonnes pratiques.<\/p>\n<p style=\"text-align: justify;\">Nous voulons stimuler le <strong>soutien aux approches locales, participatives et citoyennes<\/strong> et favoriser une <strong>meilleure ad\u00e9quation entre le terrain, la recherche et les politiques<\/strong>.<\/p>\n<p style=\"text-align: justify;\">Nous le faisons car nous pensons que ces initiatives contribuent \u00e0 une <strong>plus grande justice sociale, une plus grande solidarit\u00e9, une meilleure qualit\u00e9 de vie et sant\u00e9.<\/strong><\/p>\n<p>&nbsp;<\/p>","protected":false},"excerpt":{"rendered":"<p>\u00a0Description br\u00e8ve du projet \u00ab\u00a0ENSEMBLE POUR LA SANTE\u00a0\u00bb &#8211; \u00ab\u00a0SAMEN VOOR GEZONDHEID\u00a0\u00bb \u00ab\u00a0Ensemble pour la sant\u00e9\u00a0\u00bb &#8211; \u00ab\u00a0Samen voor gezondheid\u00a0\u00bb est une initiative de la Plate-forme d&rsquo;Action Sant\u00e9 et Solidarit\u00e9. De quoi s&rsquo;agit-il? Une \u00ab\u00a0biennale nationale pour la sant\u00e9 et le mieux-\u00eatre\u00a0\u00bb, dont la premi\u00e8re \u00e9dition aura lieu le 1er et 2 d\u00e9cembre 2017. Comment &hellip; <\/p>\n<p class=\"link-more\"><a href=\"https:\/\/www.samenvoorlasante.be\/fr\/a-propos\/\" class=\"more-link\">Continuer la lecture<span class=\"screen-reader-text\"> de &laquo;&nbsp;A propos&nbsp;&raquo;<\/span><\/a><\/p>\n","protected":false},"author":1,"featured_media":0,"parent":0,"menu_order":0,"comment_status":"closed","ping_status":"closed","template":"","meta":{"_acf_changed":false,"footnotes":""},"class_list":["post-114","page","type-page","status-publish","hentry"],"acf":[],"_links":{"self":[{"href":"https:\/\/www.samenvoorlasante.be\/fr\/wp-json\/wp\/v2\/pages\/114","targetHints":{"allow":["GET"]}}],"collection":[{"href":"https:\/\/www.samenvoorlasante.be\/fr\/wp-json\/wp\/v2\/pages"}],"about":[{"href":"https:\/\/www.samenvoorlasante.be\/fr\/wp-json\/wp\/v2\/types\/page"}],"author":[{"embeddable":true,"href":"https:\/\/www.samenvoorlasante.be\/fr\/wp-json\/wp\/v2\/users\/1"}],"replies":[{"embeddable":true,"href":"https:\/\/www.samenvoorlasante.be\/fr\/wp-json\/wp\/v2\/comments?post=114"}],"version-history":[{"count":16,"href":"https:\/\/www.samenvoorlasante.be\/fr\/wp-json\/wp\/v2\/pages\/114\/revisions"}],"predecessor-version":[{"id":576,"href":"https:\/\/www.samenvoorlasante.be\/fr\/wp-json\/wp\/v2\/pages\/114\/revisions\/576"}],"wp:attachment":[{"href":"https:\/\/www.samenvoorlasante.be\/fr\/wp-json\/wp\/v2\/media?parent=114"}],"curies":[{"name":"wp","href":"https:\/\/api.w.org\/{rel}","templated":true}]}}