{"id":122,"date":"2017-02-03T14:36:01","date_gmt":"2017-02-03T13:36:01","guid":{"rendered":"http:\/\/www.samenvoorlasante.be\/?page_id=122"},"modified":"2017-08-16T11:55:16","modified_gmt":"2017-08-16T09:55:16","slug":"nos-debuts","status":"publish","type":"page","link":"https:\/\/www.samenvoorlasante.be\/fr\/a-propos\/nos-debuts\/","title":{"rendered":"Nos d\u00e9buts&#8230;"},"content":{"rendered":"<p><\/p>\n<p align=\"justify\">Depuis plusieurs ann\u00e9es, la <a href=\"http:\/\/www.sante-solidarite.be\/\" target=\"_blank\" rel=\"noopener\"><strong>Plate-forme d&rsquo;Action Sant\u00e9 et Solidarit\u00e9<\/strong><\/a>, mise sur pied en d\u00e9cembre 2006, porte une <strong>r\u00e9flexion concernant la prise en charge \u00ab\u00a0globale\u00a0\u00bb de tout ce qui contribue \u00e0 la sant\u00e9, \u00e0 un niveau local.<\/strong><\/p>\n<p style=\"text-align: justify;\" align=\"justify\"><span lang=\"fr-FR\">Pour exemple, l<\/span><span lang=\"fr-BE\">a publication du m\u00e9morandum <em><a href=\"https:\/\/issuu.com\/info.sante-solidarite\/docs\/memorandum_des_communes_en_mouvemen\" target=\"_blank\" rel=\"noopener\">Des communes en mouvement pour la sant\u00e9 de leurs habitants<\/a><\/em> <\/span><span lang=\"fr-BE\">r\u00e9dig\u00e9 en vue des \u00e9lections communales de 2012, illustre un travail de mise en commun de l&rsquo;ensemble des membres sur ce th\u00e8me particulier. Avec une attention soutenue pour la lutte contre les in\u00e9galit\u00e9s en sant\u00e9 dont sont victimes les publics pr\u00e9caris\u00e9s.<\/span><\/p>\n<p style=\"text-align: justify;\" align=\"justify\"><span lang=\"fr-BE\">En <strong>2015<\/strong>, le groupe de travail \u201c<strong>Approche locale et globale de la sant\u00e9<\/strong>\u201d de la <a href=\"http:\/\/www.sante-solidarite.be\">Plate-forme d&rsquo;Action Sant\u00e9 et Solidarit\u00e9<\/a> a voulu se pencher sur l\u2019organisation <\/span><span lang=\"fr-BE\">d\u2019une \u00ab\u00a0<strong>biennale nationale pour la sant\u00e9 et le mieux-\u00eatre<\/strong>\u00a0\u00bb qui rassemblerait des acteurs dont le champ n\u2019est pas directement la sant\u00e9 mais dont <\/span><span lang=\"fr-BE\">les actions am\u00e9liorent la sant\u00e9 des personnes et des populations \u00e0 l&rsquo;\u00e9chelle local.<\/span><\/p>\n<p style=\"text-align: justify;\" align=\"justify\"><span lang=\"fr-BE\">Apr\u00e8s en avoir d\u00e9finis les <a href=\"http:\/\/www.samenvoorlasante.be\/fr\/a-propos\/objectifs\/\">objectifs<\/a>, le groupe de travail a d\u00e9cid\u00e9 d&rsquo;adopter une <a href=\"http:\/\/www.samenvoorlasante.be\/fr\/simpliquer\/\" target=\"_blank\" rel=\"noopener\"><strong>m\u00e9thode de co-construction<\/strong><\/a>; Il a invit\u00e9 des acteurs provenant de secteurs vari\u00e9s qui agissent directement ou indirectement sur la sant\u00e9 de la population belge. Apr\u00e8s une pr\u00e9sentation du projet \u201cEnsemble pour la sant\u00e9 \u2013 Samen voor gezondheid\u201d, le groupe de travail a invit\u00e9 les acteurs int\u00e9ress\u00e9s \u00e0 rejoindre ce qui deviendra le \u201ccomit\u00e9 de pilotage\u201d de la biennale. <\/span><\/p>\n<p style=\"text-align: justify;\" align=\"justify\"><span lang=\"fr-BE\">Depuis, ce sont plus de <a href=\"http:\/\/www.samenvoorlasante.be\/fr\/partenaires\/\" target=\"_blank\" rel=\"noopener\">30 organisations flamandes, bruxelloises et wallonnes <\/a><\/span><span lang=\"fr-BE\">du secteur de la sant\u00e9 et du bien-\u00eatre, mais aussi des secteurs du logement, <\/span><span lang=\"fr-BE\">de l\u2019alimentation, de la mobilit\u00e9, de l\u2019enseignement, du travail, de la culture, de l\u2019\u00e9conomie alternative\u2026 qui sont toutes convaincues que c\u2019est en rassemblant les forces et en collaborant que nous pourrons <strong>am\u00e9liorer la sant\u00e9 et r\u00e9duire les in\u00e9galit\u00e9s de sant\u00e9<\/strong>.<\/span><\/p>\n<p><\/p>","protected":false},"excerpt":{"rendered":"<p>Depuis plusieurs ann\u00e9es, la Plate-forme d&rsquo;Action Sant\u00e9 et Solidarit\u00e9, mise sur pied en d\u00e9cembre 2006, porte une r\u00e9flexion concernant la prise en charge \u00ab\u00a0globale\u00a0\u00bb de tout ce qui contribue \u00e0 la sant\u00e9, \u00e0 un niveau local. Pour exemple, la publication du m\u00e9morandum Des communes en mouvement pour la sant\u00e9 de leurs habitants r\u00e9dig\u00e9 en vue &hellip; <\/p>\n<p class=\"link-more\"><a href=\"https:\/\/www.samenvoorlasante.be\/fr\/a-propos\/nos-debuts\/\" class=\"more-link\">Continuer la lecture<span class=\"screen-reader-text\"> de &laquo;&nbsp;Nos d\u00e9buts&#8230;&nbsp;&raquo;<\/span><\/a><\/p>\n","protected":false},"author":1,"featured_media":0,"parent":114,"menu_order":1,"comment_status":"closed","ping_status":"closed","template":"","meta":{"_acf_changed":false,"footnotes":""},"class_list":["post-122","page","type-page","status-publish","hentry"],"acf":[],"_links":{"self":[{"href":"https:\/\/www.samenvoorlasante.be\/fr\/wp-json\/wp\/v2\/pages\/122","targetHints":{"allow":["GET"]}}],"collection":[{"href":"https:\/\/www.samenvoorlasante.be\/fr\/wp-json\/wp\/v2\/pages"}],"about":[{"href":"https:\/\/www.samenvoorlasante.be\/fr\/wp-json\/wp\/v2\/types\/page"}],"author":[{"embeddable":true,"href":"https:\/\/www.samenvoorlasante.be\/fr\/wp-json\/wp\/v2\/users\/1"}],"replies":[{"embeddable":true,"href":"https:\/\/www.samenvoorlasante.be\/fr\/wp-json\/wp\/v2\/comments?post=122"}],"version-history":[{"count":36,"href":"https:\/\/www.samenvoorlasante.be\/fr\/wp-json\/wp\/v2\/pages\/122\/revisions"}],"predecessor-version":[{"id":1079,"href":"https:\/\/www.samenvoorlasante.be\/fr\/wp-json\/wp\/v2\/pages\/122\/revisions\/1079"}],"up":[{"embeddable":true,"href":"https:\/\/www.samenvoorlasante.be\/fr\/wp-json\/wp\/v2\/pages\/114"}],"wp:attachment":[{"href":"https:\/\/www.samenvoorlasante.be\/fr\/wp-json\/wp\/v2\/media?parent=122"}],"curies":[{"name":"wp","href":"https:\/\/api.w.org\/{rel}","templated":true}]}}