{"id":125,"date":"2017-02-03T14:37:09","date_gmt":"2017-02-03T13:37:09","guid":{"rendered":"http:\/\/www.samenvoorlasante.be\/?page_id=125"},"modified":"2017-11-07T12:25:48","modified_gmt":"2017-11-07T11:25:48","slug":"infos-pratiques","status":"publish","type":"page","link":"https:\/\/www.samenvoorlasante.be\/fr\/infos-pratiques\/","title":{"rendered":"Infos pratiques"},"content":{"rendered":"<p><\/p>\n<h2>Rencontres 2017 &#8211; Ensemble pour la sant\u00e9<\/h2>\n<h6><strong>Quand?<\/strong><\/h6>\n<p>1 &amp; 2 d\u00e9cembre 2017<\/p>\n<h6><strong>O\u00f9?<\/strong><\/h6>\n<p>Dans deux endroits :<\/p>\n<p style=\"text-align: center;\">Auditorium &#8211; S\u00e9ance Pl\u00e9ni\u00e8re\u00a0 (uniquement) &#8211; <a href=\"https:\/\/www.google.be\/maps\/place\/Rue+Pletinckx+19,+1000+Bruxelles\/@50.8480372,4.3431773,17z\/data=!3m1!4b1!4m5!3m4!1s0x47c3c477fd299a0b:0x9a06a10b7cf6fdbc!8m2!3d50.8480372!4d4.345366?hl=fr\" target=\"_blank\" rel=\"noopener\">Rue Pl\u00e9tinckx 19, 1000 Bruxelles<\/a><\/p>\n<p style=\"text-align: center;\">&amp;<\/p>\n<p style=\"text-align: center;\">GC De Markten &#8211; <a href=\"https:\/\/www.google.be\/maps\/place\/De+Markten+Cafe\/@50.8504541,4.3445712,17z\/data=!3m1!4b1!4m13!1m7!3m6!1s0x47c3c387d4249ab1:0xfa20902a805f3ca5!2sRue+du+Vieux+March%C3%A9+aux+Grains+5,+1000+Bruxelles!3b1!8m2!3d50.8504541!4d4.3467599!3m4!1s0x47c3c387d4249ab1:0x53f542dccbd413d!8m2!3d50.8504541!4d4.3467599?hl=fr\" target=\"_blank\" rel=\"noopener\">Rue du Vieux March\u00e9 aux Grains 5, 1000 Bruxelles<\/a><\/p>\n<p>&nbsp;<\/p>\n<p><strong>Quel transport en commun?<\/strong><\/p>\n<p>L&rsquo;auditorium CSC est accessible facilement \u00e0 pied depuis la station de m\u00e9tro\u00a0 Bourse (<a href=\"http:\/\/www.stib-mivb.be\/index.htm?l=fr\">STIB<\/a>).<\/p>\n<p>GC De Markten est accessible facilement \u00e0 pied depuis la station de m\u00e9tro\u00a0 Sainte-Catherine, Debrouck\u00e8re ou Bourse (<a href=\"http:\/\/www.stib-mivb.be\/index.htm?l=fr\">STIB<\/a>).<\/p>\n<p>&nbsp;<\/p>\n<p><strong>O\u00f9 se loger pas cher?<br \/>\n<\/strong><\/p>\n<p><a href=\"http:\/\/www.lesaubergesdejeunesse.be\/website\/action\/hebergement\">Auberges de jeunesse \u00e0 Bruxelles<\/a><\/p>\n<h6><strong>O\u00f9 garer sa voiture au mieux?<br \/>\n<\/strong><\/h6>\n<p><a href=\"http:\/\/www.q-park.be\/fr\/se-garer-chez-q-park\/par-ville\/bruxelles\/dansaert\">Parking Dansaert<\/a><br \/>\nPlace du Nouveau March\u00e9 aux Grains\u00a02<br \/>\n1000\u00a0Bruxelles<\/p>\n<h6><strong>D&rsquo;autres questions?<br \/>\n<\/strong><\/h6>\n<p><a href=\"mailto:info@samenvoorlasante.be\">info@samenvoorlasante.be<\/a><\/p>\n<p>&nbsp;<\/p>","protected":false},"excerpt":{"rendered":"<p>Rencontres 2017 &#8211; Ensemble pour la sant\u00e9 Quand? 1 &amp; 2 d\u00e9cembre 2017 O\u00f9? Dans deux endroits : Auditorium &#8211; S\u00e9ance Pl\u00e9ni\u00e8re\u00a0 (uniquement) &#8211; Rue Pl\u00e9tinckx 19, 1000 Bruxelles &amp; GC De Markten &#8211; Rue du Vieux March\u00e9 aux Grains 5, 1000 Bruxelles &nbsp; Quel transport en commun? L&rsquo;auditorium CSC est accessible facilement \u00e0 pied &hellip; <\/p>\n<p class=\"link-more\"><a href=\"https:\/\/www.samenvoorlasante.be\/fr\/infos-pratiques\/\" class=\"more-link\">Continuer la lecture<span class=\"screen-reader-text\"> de &laquo;&nbsp;Infos pratiques&nbsp;&raquo;<\/span><\/a><\/p>\n","protected":false},"author":1,"featured_media":0,"parent":0,"menu_order":0,"comment_status":"closed","ping_status":"closed","template":"","meta":{"_acf_changed":false,"footnotes":""},"class_list":["post-125","page","type-page","status-publish","hentry"],"acf":[],"_links":{"self":[{"href":"https:\/\/www.samenvoorlasante.be\/fr\/wp-json\/wp\/v2\/pages\/125","targetHints":{"allow":["GET"]}}],"collection":[{"href":"https:\/\/www.samenvoorlasante.be\/fr\/wp-json\/wp\/v2\/pages"}],"about":[{"href":"https:\/\/www.samenvoorlasante.be\/fr\/wp-json\/wp\/v2\/types\/page"}],"author":[{"embeddable":true,"href":"https:\/\/www.samenvoorlasante.be\/fr\/wp-json\/wp\/v2\/users\/1"}],"replies":[{"embeddable":true,"href":"https:\/\/www.samenvoorlasante.be\/fr\/wp-json\/wp\/v2\/comments?post=125"}],"version-history":[{"count":44,"href":"https:\/\/www.samenvoorlasante.be\/fr\/wp-json\/wp\/v2\/pages\/125\/revisions"}],"predecessor-version":[{"id":1539,"href":"https:\/\/www.samenvoorlasante.be\/fr\/wp-json\/wp\/v2\/pages\/125\/revisions\/1539"}],"wp:attachment":[{"href":"https:\/\/www.samenvoorlasante.be\/fr\/wp-json\/wp\/v2\/media?parent=125"}],"curies":[{"name":"wp","href":"https:\/\/api.w.org\/{rel}","templated":true}]}}