{"id":1567,"date":"2017-12-05T09:44:53","date_gmt":"2017-12-05T08:44:53","guid":{"rendered":"http:\/\/www.samenvoorlasante.be\/?page_id=1567"},"modified":"2017-12-05T11:55:22","modified_gmt":"2017-12-05T10:55:22","slug":"satisfaction","status":"publish","type":"page","link":"https:\/\/www.samenvoorlasante.be\/fr\/satisfaction\/","title":{"rendered":"Satisfaction"},"content":{"rendered":"<p><\/p>\n<div class=\"freebirdFormviewerViewHeaderTitleRow\">\n<h1 class=\"freebirdFormviewerViewHeaderTitle\" dir=\"auto\" role=\"heading\" aria-level=\"1\"><strong>Enqu\u00eate de satisfaction &#8211; Rencontres 2017 &#8211; <\/strong><strong>Ensemble pour la Sant\u00e9<br \/>\n<\/strong><\/h1>\n<\/div>\n<h3 dir=\"auto\" role=\"heading\" aria-level=\"1\">Votre avis nous int\u00e9resse !! Qu\u2019avez-vous appr\u00e9ci\u00e9 ou pas ? Pourquoi ? Comment nous am\u00e9liorer ? Gr\u00e2ce \u00e0 vous, nous pourrons organiser une seconde biennale en r\u00e9pondant au mieux \u00e0 vos attentes. Merci \u00e0 TOU-TE-S de votre PARTICIPATION.<\/h3>\n<h5><a href=\"https:\/\/docs.google.com\/forms\/d\/e\/1FAIpQLScVXeEDnxdAfUOzDeuKZ0KrdjoN5yoBEM9kYIF-NkD7cwNBKQ\/viewform\">Merci de bien vouloir remplir ici l&rsquo;enqu\u00eate de satisfaction.<\/a><\/h5>\n<p><img loading=\"lazy\" decoding=\"async\" class=\"size-full wp-image-1602\" src=\"http:\/\/www.samenvoorlasante.be\/wp-content\/uploads\/2017\/12\/Ensemblepourlasante_RollUp.jpg\" alt=\"Ensemble pour la sant\u00e9 - roll up\" width=\"2976\" height=\"3968\" srcset=\"https:\/\/www.samenvoorlasante.be\/wp-content\/uploads\/2017\/12\/Ensemblepourlasante_RollUp.jpg 2976w, https:\/\/www.samenvoorlasante.be\/wp-content\/uploads\/2017\/12\/Ensemblepourlasante_RollUp-225x300.jpg 225w, https:\/\/www.samenvoorlasante.be\/wp-content\/uploads\/2017\/12\/Ensemblepourlasante_RollUp-768x1024.jpg 768w\" sizes=\"auto, (max-width: 767px) 89vw, (max-width: 1000px) 54vw, (max-width: 1071px) 543px, 580px\" \/><\/p>\n<p>&nbsp;<\/p>","protected":false},"excerpt":{"rendered":"<p>Enqu\u00eate de satisfaction &#8211; Rencontres 2017 &#8211; Ensemble pour la Sant\u00e9 Votre avis nous int\u00e9resse !! Qu\u2019avez-vous appr\u00e9ci\u00e9 ou pas ? Pourquoi ? Comment nous am\u00e9liorer ? Gr\u00e2ce \u00e0 vous, nous pourrons organiser une seconde biennale en r\u00e9pondant au mieux \u00e0 vos attentes. Merci \u00e0 TOU-TE-S de votre PARTICIPATION. Merci de bien vouloir remplir ici &hellip; <\/p>\n<p class=\"link-more\"><a href=\"https:\/\/www.samenvoorlasante.be\/fr\/satisfaction\/\" class=\"more-link\">Continuer la lecture<span class=\"screen-reader-text\"> de &laquo;&nbsp;Satisfaction&nbsp;&raquo;<\/span><\/a><\/p>\n","protected":false},"author":9,"featured_media":0,"parent":0,"menu_order":0,"comment_status":"closed","ping_status":"closed","template":"","meta":{"_acf_changed":false,"footnotes":""},"class_list":["post-1567","page","type-page","status-publish","hentry"],"acf":[],"_links":{"self":[{"href":"https:\/\/www.samenvoorlasante.be\/fr\/wp-json\/wp\/v2\/pages\/1567","targetHints":{"allow":["GET"]}}],"collection":[{"href":"https:\/\/www.samenvoorlasante.be\/fr\/wp-json\/wp\/v2\/pages"}],"about":[{"href":"https:\/\/www.samenvoorlasante.be\/fr\/wp-json\/wp\/v2\/types\/page"}],"author":[{"embeddable":true,"href":"https:\/\/www.samenvoorlasante.be\/fr\/wp-json\/wp\/v2\/users\/9"}],"replies":[{"embeddable":true,"href":"https:\/\/www.samenvoorlasante.be\/fr\/wp-json\/wp\/v2\/comments?post=1567"}],"version-history":[{"count":26,"href":"https:\/\/www.samenvoorlasante.be\/fr\/wp-json\/wp\/v2\/pages\/1567\/revisions"}],"predecessor-version":[{"id":1624,"href":"https:\/\/www.samenvoorlasante.be\/fr\/wp-json\/wp\/v2\/pages\/1567\/revisions\/1624"}],"wp:attachment":[{"href":"https:\/\/www.samenvoorlasante.be\/fr\/wp-json\/wp\/v2\/media?parent=1567"}],"curies":[{"name":"wp","href":"https:\/\/api.w.org\/{rel}","templated":true}]}}