{"id":1738,"date":"2018-11-08T12:17:38","date_gmt":"2018-11-08T11:17:38","guid":{"rendered":"http:\/\/www.samenvoorlasante.be\/?page_id=1738"},"modified":"2018-11-08T12:48:48","modified_gmt":"2018-11-08T11:48:48","slug":"synthese-plenaire","status":"publish","type":"page","link":"https:\/\/www.samenvoorlasante.be\/fr\/synthese-plenaire\/","title":{"rendered":"Synth\u00e8se pl\u00e9naire"},"content":{"rendered":"<p>La biennale \u00ab\u00a0Ensemble pour la sant\u00e9 \u2013 Samen voor gezondheid\u00a0\u00bb a d\u00e9marr\u00e9 avec 3 interventions aux profils assez diff\u00e9rents\u00a0: Wim van Hees avait une casquette d\u2019 \u00ab\u00a0expert &#8211; acteur\u00a0\u00bb, Christine Ferron, celle d\u2019\u00a0\u00ab\u00a0experte &#8211; scientifique\u00a0\u00bb et, enfin, les actrices du Th\u00e9\u00e2tre du Copion portaient la casquette d\u2019\u00ab\u00a0expertes du v\u00e9cu\u00a0\u00bb. Malgr\u00e9 ces diff\u00e9rents profils, leurs visions de ce qu\u2019est la sant\u00e9 et comment l\u2019am\u00e9liorer se rejoignent et se compl\u00e8tent. Nous synth\u00e9tisons ci-dessous les 3 interventions.<\/p>\n<p><strong> Au fond, qu\u2019est-ce que la sant\u00e9\u00a0?<\/strong> Au-del\u00e0 de la sant\u00e9 physique que l\u2019on associe aux maladies et aux blessures, d\u00e9finissons la sant\u00e9 de mani\u00e8re positive pour une fois. Car la sant\u00e9 n\u2019est pas qu\u2019une finalit\u00e9, un objectif \u00e0 atteindre, c\u2019est \u00e9galement une ressource. En effet, \u00eatre en bonne sant\u00e9, c\u2019est avoir la possibilit\u00e9 de r\u00e9aliser nos aspirations et nos projets. La sant\u00e9, c\u2019est \u00e9galement pouvoir satisfaire nos besoins et \u00eatre pr\u00e9sent pour ceux que l\u2019on aime. La sant\u00e9 n\u2019est donc pas juste li\u00e9e \u00e0 la maladie\u00a0: c\u2019est un concept global et positif qui inclut de nombreuses dimensions de la vie des individus.<\/p>\n<p><strong>Qu\u2019est-ce qui d\u00e9termine notre sant\u00e9\u00a0?<\/strong> Le concept de sant\u00e9 globale tel que d\u00e9crit ici renvoie \u00e0 la sant\u00e9 comme un tout. Ce \u00ab\u00a0tout\u00a0\u00bb peut \u00eatre influenc\u00e9 par une s\u00e9rie de facteurs, que l\u2019on appelle d\u00e9terminants de la sant\u00e9. Chaque facteur se cumulant \u00e0 un autre et ayant une influence sur un autre (s\u2019inscrivant ainsi dans une cha\u00eene causale), en faveur ou en d\u00e9faveur de la sant\u00e9 des individus.<\/p>\n<p><img loading=\"lazy\" decoding=\"async\" class=\"aligncenter size-full wp-image-1742\" src=\"http:\/\/www.samenvoorlasante.be\/wp-content\/uploads\/2018\/11\/WD.jpg\" alt=\"\" width=\"264\" height=\"191\" \/><\/p>\n<p>Ces facteurs sont traditionnellement rassembl\u00e9s en cat\u00e9gories et organis\u00e9s sous forme d\u2019arcs, allant du plus proche au plus \u00e9loign\u00e9 de l\u2019individu tel que sur le sch\u00e9ma ci-dessus. Ainsi, la sant\u00e9 des individus est influenc\u00e9e par les facteurs li\u00e9s \u00e0 leur style de vie, mais \u00e9galement par les r\u00e9seaux sociaux et communautaires. Les facteurs li\u00e9s aux conditions de vie et de travail influencent bien s\u00fbr aussi la sant\u00e9 (ex\u00a0: la qualit\u00e9 du logement). Enfin, les conditions socio\u00e9conomiques, culturelles et environnementales ont un impact sur la sant\u00e9 des individus. Afin d\u2019am\u00e9liorer la sant\u00e9 des personnes, il existe donc une s\u00e9rie de facteurs sur lesquels il est possible d\u2019agir. Oui, mais comment\u00a0?<\/p>\n<p><strong>Commen\u00e7ons par la dimension politique<\/strong>\u00a0: les politiques ont en effet un impact sur la sant\u00e9, c\u2019est pourquoi une strat\u00e9gie pour am\u00e9liorer la sant\u00e9 est de promouvoir des politiques publiques favorables \u00e0 la sant\u00e9. Nous parlons de \u00ab\u00a0politiques\u00a0favorables\u00a0\u00e0 la sant\u00e9\u00a0\u00bb et non de \u00ab\u00a0politiques de sant\u00e9\u00a0\u00bb, car nous avons vu que la sant\u00e9 est influenc\u00e9e par un grand nombre de facteurs\u00a0: elle doit donc \u00eatre prise en compte par l\u2019ensemble des politiques (ex\u00a0: logement, urbanisme, environnement, etc.). On parle d\u2019ailleurs de \u00ab\u00a0sant\u00e9 dans toutes les politiques\u00a0\u00bb. Ces politiques doivent \u00eatre instaur\u00e9es \u00e0 un niveau national, mais \u00e9galement \u00e0 un niveau local. Ainsi, les bourgmestres ont un r\u00f4le important \u00e0 jouer \u00e0 l\u2019\u00e9chelle de la commune. Mais les politiques peuvent aussi \u00eatre mises en place par d\u2019autres d\u00e9cideurs, comme par exemple les directeurs\/trices d\u2019\u00e9coles et d\u2019institutions.<\/p>\n<p><strong>Les conditions de vie<\/strong> influencent \u00e9galement la sant\u00e9 des individus. Or, tous les individus n\u2019ont pas les m\u00eames conditions de vie. Il existe en effet des in\u00e9galit\u00e9s sociales et environnementales de sant\u00e9 qui ont un impact sur la sant\u00e9 des citoyens\u00a0: il est par exemple possible de comparer les statistiques entre quartiers et de voir des diff\u00e9rences au niveau de la sant\u00e9 des enfants. Le th\u00e9\u00e2tre du Copion aborde d\u2019ailleurs ce th\u00e8me mettant en sc\u00e8ne deux personnes parlant entre autres de leurs probl\u00e8mes financiers pour payer leur logement et leurs m\u00e9dicaments, de leur peur de perdre leur travail et de leur incompr\u00e9hension face aux contraintes institutionnelles (\u00ab\u00a0trop de paperasses\u00a0\u00bb). Le besoin d\u2019un environnement favorable \u00e0 la sant\u00e9 est donc une condition \u00e0 la sant\u00e9 des individus.<\/p>\n<p>Enfin, la sant\u00e9 est influenc\u00e9e par<strong> le pouvoir d\u2019agir, qu\u2019il soit collectif ou individuel.<\/strong><br \/>\nAinsi, <em>au niveau collectif,<\/em> il est possible de promouvoir la sant\u00e9 des individus en cr\u00e9ant des opportunit\u00e9s pour d\u00e9velopper le pouvoir d\u2019agir et permettre la participation des communaut\u00e9s. C\u2019est ce qui s\u2019appelle l\u2019action communautaire\u00a0: les personnes les plus concern\u00e9es par le probl\u00e8me \u00e0 r\u00e9soudre se mobilisent afin de d\u00e9finir les priorit\u00e9s, fixer les objectifs des actions et mettre en \u0153uvre ces actions. De plus, il faut savoir que ce n\u2019est pas parce que les facteurs sont \u00e9loign\u00e9s des individus que ces derniers ne peuvent pas agir dessus: en cr\u00e9ant cette collectivit\u00e9, ils cr\u00e9ent une possibilit\u00e9 d\u2019interpellation des politiques. Comme l\u2019explique Wim van Hees, les d\u00e9cideurs politiques ont tendance \u00e0 croire \u00ab\u00a0qu\u2019ils savent mieux que les autres\u00a0\u00bb mais les groupes de citoyens peuvent les interpeller, les contrer ou les pousser \u00e0 prendre des d\u00e9cisions favorables \u00e0 la sant\u00e9. Wim van Hees repr\u00e9sentant un groupement de citoyens nomm\u00e9 Ademloos a t\u00e9moign\u00e9 de ce combat de longue haleine pour faire entendre la voix des citoyens concernant le trac\u00e9 du nouveau p\u00e9riph\u00e9rique d\u2019Anvers et de ses impacts sur la qualit\u00e9 de vie.<br \/>\nAu <em>niveau individuel,<\/em> le d\u00e9veloppement des aptitudes personnelles, notamment par l\u2019\u00e9ducation pour la sant\u00e9, est une strat\u00e9gie \u00e0 investir davantage. En effet, ces aptitudes -une fois d\u00e9velopp\u00e9es- permettent aux citoyens de d\u00e9velopper leurs comp\u00e9tences \u00e0 interpeller les politiques, \u00e0 am\u00e9liorer leur cadre de vie, \u00e0 s\u2019exprimer dans le d\u00e9bat public et \u00e0 faire \u00e9voluer le syst\u00e8me de soins.<\/p>\n<p>L\u2019atteinte d\u2019une meilleure sant\u00e9 pour toutes et tous, sans laisser personne sur le bord du chemin, requiert un engagement de tous les instants et des actions qui doivent se mener \u00e0 toutes les \u00e9chelles de la soci\u00e9t\u00e9. N\u00e9anmoins, dans une soci\u00e9t\u00e9 belge d\u2019une extr\u00eame complexit\u00e9 et dans laquelle les grandes orientations politiques ne sont pas toujours prises en fonction des besoins essentiels de la population, l\u2019action citoyenne locale se profile comme un moyen particuli\u00e8rement pertinent pour susciter des changements favorables \u00e0 la sant\u00e9. Porter un plaidoyer en faveur d\u2019une meilleure alimentation \u00e0 l\u2019\u00e9cole de ses enfants, cr\u00e9er un jardin partag\u00e9, repenser collectivement l\u2019usage d\u2019une friche industrielle ou militer pour plus de logement social dans sa commune sont des exemples d\u2019engagements b\u00e9n\u00e9fiques pour la sant\u00e9. Ils le sont \u00e0 plusieurs titres dans le sens o\u00f9 ils permettent de retisser du lien social, de d\u00e9velopper chez les personnes des capacit\u00e9s de dire et d\u2019agir, de relier les citoyens \u00e0 leur environnement, de montrer aux politiques la voie \u00e0 suivre et ce qui est vraiment important pour le citoyen et sa sant\u00e9, d\u2019exercer une influence directe sur les conditions pr\u00e9alables \u00e0 la sant\u00e9 pour l\u2019ensemble de la communaut\u00e9&#8230; La suite des \u00e9changes men\u00e9s lors des deux journ\u00e9es Ensemble pour la sant\u00e9 ont montr\u00e9 concr\u00e8tement comment des actions ont \u00e9t\u00e9 men\u00e9es et ont pu \u00eatre encourag\u00e9es. Elle a \u00e9galement mis en \u00e9vidence ce qui freine leur d\u00e9veloppement et les moyens pour les d\u00e9passer. Enfin, cette rencontre a permis de d\u00e9gager des id\u00e9es pour cr\u00e9er de nouvelles dynamiques collectives, locales et participatives favorables \u00e0 la sant\u00e9.<\/p>","protected":false},"excerpt":{"rendered":"<p>La biennale \u00ab\u00a0Ensemble pour la sant\u00e9 \u2013 Samen voor gezondheid\u00a0\u00bb a d\u00e9marr\u00e9 avec 3 interventions aux profils assez diff\u00e9rents\u00a0: Wim van Hees avait une casquette d\u2019 \u00ab\u00a0expert &#8211; acteur\u00a0\u00bb, Christine Ferron, celle d\u2019\u00a0\u00ab\u00a0experte &#8211; scientifique\u00a0\u00bb et, enfin, les actrices du Th\u00e9\u00e2tre du Copion portaient la casquette d\u2019\u00ab\u00a0expertes du v\u00e9cu\u00a0\u00bb. Malgr\u00e9 ces diff\u00e9rents profils, leurs visions &hellip; <\/p>\n<p class=\"link-more\"><a href=\"https:\/\/www.samenvoorlasante.be\/fr\/synthese-plenaire\/\" class=\"more-link\">Continuer la lecture<span class=\"screen-reader-text\"> de &laquo;&nbsp;Synth\u00e8se pl\u00e9naire&nbsp;&raquo;<\/span><\/a><\/p>\n","protected":false},"author":10,"featured_media":0,"parent":0,"menu_order":0,"comment_status":"closed","ping_status":"closed","template":"","meta":{"_acf_changed":false,"footnotes":""},"class_list":["post-1738","page","type-page","status-publish","hentry"],"acf":[],"_links":{"self":[{"href":"https:\/\/www.samenvoorlasante.be\/fr\/wp-json\/wp\/v2\/pages\/1738","targetHints":{"allow":["GET"]}}],"collection":[{"href":"https:\/\/www.samenvoorlasante.be\/fr\/wp-json\/wp\/v2\/pages"}],"about":[{"href":"https:\/\/www.samenvoorlasante.be\/fr\/wp-json\/wp\/v2\/types\/page"}],"author":[{"embeddable":true,"href":"https:\/\/www.samenvoorlasante.be\/fr\/wp-json\/wp\/v2\/users\/10"}],"replies":[{"embeddable":true,"href":"https:\/\/www.samenvoorlasante.be\/fr\/wp-json\/wp\/v2\/comments?post=1738"}],"version-history":[{"count":2,"href":"https:\/\/www.samenvoorlasante.be\/fr\/wp-json\/wp\/v2\/pages\/1738\/revisions"}],"predecessor-version":[{"id":1743,"href":"https:\/\/www.samenvoorlasante.be\/fr\/wp-json\/wp\/v2\/pages\/1738\/revisions\/1743"}],"wp:attachment":[{"href":"https:\/\/www.samenvoorlasante.be\/fr\/wp-json\/wp\/v2\/media?parent=1738"}],"curies":[{"name":"wp","href":"https:\/\/api.w.org\/{rel}","templated":true}]}}