{"id":1745,"date":"2018-11-19T12:49:22","date_gmt":"2018-11-19T11:49:22","guid":{"rendered":"http:\/\/www.samenvoorlasante.be\/?page_id=1745"},"modified":"2018-11-19T13:05:03","modified_gmt":"2018-11-19T12:05:03","slug":"resultats","status":"publish","type":"page","link":"https:\/\/www.samenvoorlasante.be\/fr\/resultats\/","title":{"rendered":"R\u00e9sultats"},"content":{"rendered":"<p><strong>Rapport d&rsquo;\u00e9valuation (octobre 2018 &#8211; E. Georgin, C. Vandoorne &#8211; APES ULi\u00e8ge)<\/strong><\/p>\n<ul>\n<li><a href=\"http:\/\/www.samenvoorlasante.be\/wp-content\/uploads\/2018\/11\/18125_Rapport-de\u0301valuation-BES_Octobre-2018_d\u00e9f.pdf\">rapport<\/a><\/li>\n<li><a href=\"http:\/\/www.samenvoorlasante.be\/wp-content\/uploads\/2018\/11\/18125_ANNEXES_Rapport-BES_Octobre-2018_d\u00e9f.pdf\">annexes<\/a><\/li>\n<li><a href=\"http:\/\/www.samenvoorlasante.be\/wp-content\/uploads\/2018\/11\/20141114Pr\u00e9sentation_R\u00e9sultats_Evaluation_Biennale_2017_APES.pdf\">pr\u00e9sentation<\/a><\/li>\n<\/ul>\n<p><strong>Transcription et analyse des supports co-construits (novembre 2018 &#8211; S. Malengreaux, M. Peeters &#8211; UCLouvain RESO)<\/strong><\/p>\n<ul>\n<li><a href=\"http:\/\/www.samenvoorlasante.be\/wp-content\/uploads\/2018\/11\/Ensemble-pour-la-sant\u00e9-transcription-et-analyse-des-supports-co-construits-Novembre-2018.pdf\">rapport<\/a><\/li>\n<\/ul>\n<p><strong>Evaluation citoyenne de l&rsquo;asbl les Pissenlits en Dyn&rsquo;alim (MMM et CSM)<\/strong><\/p>\n<ul>\n<li><a href=\"http:\/\/www.samenvoorlasante.be\/wp-content\/uploads\/2018\/11\/20181114pptLesPissenlits.pdf\">pr\u00e9sentation<\/a><\/li>\n<\/ul>\n<p><\/p>","protected":false},"excerpt":{"rendered":"<p>Rapport d&rsquo;\u00e9valuation (octobre 2018 &#8211; E. Georgin, C. Vandoorne &#8211; APES ULi\u00e8ge) rapport annexes pr\u00e9sentation Transcription et analyse des supports co-construits (novembre 2018 &#8211; S. Malengreaux, M. Peeters &#8211; UCLouvain RESO) rapport Evaluation citoyenne de l&rsquo;asbl les Pissenlits en Dyn&rsquo;alim (MMM et CSM) pr\u00e9sentation<\/p>\n","protected":false},"author":10,"featured_media":0,"parent":0,"menu_order":0,"comment_status":"closed","ping_status":"closed","template":"","meta":{"_acf_changed":false,"footnotes":""},"class_list":["post-1745","page","type-page","status-publish","hentry"],"acf":[],"_links":{"self":[{"href":"https:\/\/www.samenvoorlasante.be\/fr\/wp-json\/wp\/v2\/pages\/1745","targetHints":{"allow":["GET"]}}],"collection":[{"href":"https:\/\/www.samenvoorlasante.be\/fr\/wp-json\/wp\/v2\/pages"}],"about":[{"href":"https:\/\/www.samenvoorlasante.be\/fr\/wp-json\/wp\/v2\/types\/page"}],"author":[{"embeddable":true,"href":"https:\/\/www.samenvoorlasante.be\/fr\/wp-json\/wp\/v2\/users\/10"}],"replies":[{"embeddable":true,"href":"https:\/\/www.samenvoorlasante.be\/fr\/wp-json\/wp\/v2\/comments?post=1745"}],"version-history":[{"count":2,"href":"https:\/\/www.samenvoorlasante.be\/fr\/wp-json\/wp\/v2\/pages\/1745\/revisions"}],"predecessor-version":[{"id":1754,"href":"https:\/\/www.samenvoorlasante.be\/fr\/wp-json\/wp\/v2\/pages\/1745\/revisions\/1754"}],"wp:attachment":[{"href":"https:\/\/www.samenvoorlasante.be\/fr\/wp-json\/wp\/v2\/media?parent=1745"}],"curies":[{"name":"wp","href":"https:\/\/api.w.org\/{rel}","templated":true}]}}