{"id":1800,"date":"2019-01-28T14:42:24","date_gmt":"2019-01-28T13:42:24","guid":{"rendered":"http:\/\/www.samenvoorlasante.be\/?page_id=1800"},"modified":"2019-01-28T14:42:24","modified_gmt":"2019-01-28T13:42:24","slug":"good-practices","status":"publish","type":"page","link":"https:\/\/www.samenvoorlasante.be\/fr\/good-practices\/","title":{"rendered":"Good Practices"},"content":{"rendered":"<p><\/p>\n<div class=\"result-header\"><span class=\"tlid-translation translation\"><span class=\"\" title=\"\">Laissez-vous inspirer par ces beaux exemples d&rsquo;initiatives locales de participation ax\u00e9es sur la lutte contre les in\u00e9galit\u00e9s en mati\u00e8re de sant\u00e9.<\/span><\/span><\/div>\n<p><\/p>","protected":false},"excerpt":{"rendered":"<p>Laissez-vous inspirer par ces beaux exemples d&rsquo;initiatives locales de participation ax\u00e9es sur la lutte contre les in\u00e9galit\u00e9s en mati\u00e8re de sant\u00e9.<\/p>\n","protected":false},"author":10,"featured_media":0,"parent":0,"menu_order":0,"comment_status":"closed","ping_status":"closed","template":"","meta":{"_acf_changed":false,"footnotes":""},"class_list":["post-1800","page","type-page","status-publish","hentry"],"acf":[],"_links":{"self":[{"href":"https:\/\/www.samenvoorlasante.be\/fr\/wp-json\/wp\/v2\/pages\/1800","targetHints":{"allow":["GET"]}}],"collection":[{"href":"https:\/\/www.samenvoorlasante.be\/fr\/wp-json\/wp\/v2\/pages"}],"about":[{"href":"https:\/\/www.samenvoorlasante.be\/fr\/wp-json\/wp\/v2\/types\/page"}],"author":[{"embeddable":true,"href":"https:\/\/www.samenvoorlasante.be\/fr\/wp-json\/wp\/v2\/users\/10"}],"replies":[{"embeddable":true,"href":"https:\/\/www.samenvoorlasante.be\/fr\/wp-json\/wp\/v2\/comments?post=1800"}],"version-history":[{"count":1,"href":"https:\/\/www.samenvoorlasante.be\/fr\/wp-json\/wp\/v2\/pages\/1800\/revisions"}],"predecessor-version":[{"id":1801,"href":"https:\/\/www.samenvoorlasante.be\/fr\/wp-json\/wp\/v2\/pages\/1800\/revisions\/1801"}],"wp:attachment":[{"href":"https:\/\/www.samenvoorlasante.be\/fr\/wp-json\/wp\/v2\/media?parent=1800"}],"curies":[{"name":"wp","href":"https:\/\/api.w.org\/{rel}","templated":true}]}}