{"id":292,"date":"2017-02-28T11:47:20","date_gmt":"2017-02-28T10:47:20","guid":{"rendered":"http:\/\/www.samenvoorlasante.be\/?page_id=292"},"modified":"2017-08-07T11:48:15","modified_gmt":"2017-08-07T09:48:15","slug":"objectifs","status":"publish","type":"page","link":"https:\/\/www.samenvoorlasante.be\/fr\/a-propos\/objectifs\/","title":{"rendered":"Objectifs"},"content":{"rendered":"<p><\/p>\n<h4 style=\"text-align: justify;\"><strong>\u00ab\u00a0Ensemble pour la sant\u00e9 &#8211; Samen voor gezondheid\u00a0\u00bb<\/strong><\/h4>\n<hr \/>\n<p style=\"text-align: justify;\"><strong>Objectif g\u00e9n\u00e9ral<\/strong>: Promouvoir les actions locales et participatieves sur les d\u00e9terminants sociaux de la sant\u00e9 afin d&rsquo;am\u00e9liorer la sant\u00e9 des populations et de r\u00e9duire les in\u00e9galit\u00e9s sociales de sant\u00e9.<\/p>\n<ol>\n<li style=\"text-align: justify;\"><strong>Mettre en \u00e9vidence les facteurs sociaux<\/strong> (logement, culture, environnement,&#8230;) comme d\u00e9terminants majeurs de la sant\u00e9.<\/li>\n<li style=\"text-align: justify;\"><strong>Mettre en valeur les dynamiques et strat\u00e9gies d&rsquo;action<\/strong> qui ont un impact sur ces d\u00e9terminants sociaux de la sant\u00e9 et qui sont mises en oeuvre \u00e0 un niveau local et \u00e0 travers des d\u00e9marches participatives. Ainsi:\n<ul>\n<li>Contribuer \u00e0 la visibilit\u00e9 et la reconnaissance de ces d\u00e9marches, par le grand public et par les politiques.<\/li>\n<li>Etre un moment d&rsquo;interpellation du politique pour \u00e0 la fois montrer que des alternatives existent et fonctionnent, en vue d&rsquo;obtenir son soutien.<\/li>\n<\/ul>\n<\/li>\n<li><strong>Permettre l&rsquo;\u00e9change de savoirs et d&rsquo;exp\u00e9riences entre acteurs<\/strong> dans le but de renforcer les comp\u00e9tences et les actions.<\/li>\n<li style=\"text-align: justify;\"><strong>Mettre en valeur l&rsquo;impact des actions locales et participatives \u00e0 travers la recherche scientifique<\/strong>s (existantes ou \u00e0 mettre en oeuvre).<\/li>\n<li style=\"text-align: justify;\"><strong>Cr\u00e9er des liens solidaires<\/strong> entre acteurs, citoyens, professionnels et \u00e9lus, provenant des diff\u00e9rentes r\u00e9gions de la Belgique et de diff\u00e9rents secteurs. Ils se baseront sur des valeurs communes dans le but d&rsquo;un mieux-\u00eatre pour tous.<\/li>\n<li style=\"text-align: justify;\"><strong>Identifier les conditions n\u00e9cessaires au d\u00e9veloppement des actions locales<\/strong> et notamment mettre en \u00e9vidence les strat\u00e9gies mises en oeuvre \u00e0 diff\u00e9rents niveaux de d\u00e9cision (f\u00e9d\u00e9ral, r\u00e9gional, communautaire, communal).<\/li>\n<\/ol>\n<p><\/p>","protected":false},"excerpt":{"rendered":"<p>\u00ab\u00a0Ensemble pour la sant\u00e9 &#8211; Samen voor gezondheid\u00a0\u00bb Objectif g\u00e9n\u00e9ral: Promouvoir les actions locales et participatieves sur les d\u00e9terminants sociaux de la sant\u00e9 afin d&rsquo;am\u00e9liorer la sant\u00e9 des populations et de r\u00e9duire les in\u00e9galit\u00e9s sociales de sant\u00e9. Mettre en \u00e9vidence les facteurs sociaux (logement, culture, environnement,&#8230;) comme d\u00e9terminants majeurs de la sant\u00e9. Mettre en valeur &hellip; <\/p>\n<p class=\"link-more\"><a href=\"https:\/\/www.samenvoorlasante.be\/fr\/a-propos\/objectifs\/\" class=\"more-link\">Continuer la lecture<span class=\"screen-reader-text\"> de &laquo;&nbsp;Objectifs&nbsp;&raquo;<\/span><\/a><\/p>\n","protected":false},"author":2,"featured_media":0,"parent":114,"menu_order":4,"comment_status":"closed","ping_status":"closed","template":"","meta":{"_acf_changed":false,"footnotes":""},"class_list":["post-292","page","type-page","status-publish","hentry"],"acf":[],"_links":{"self":[{"href":"https:\/\/www.samenvoorlasante.be\/fr\/wp-json\/wp\/v2\/pages\/292","targetHints":{"allow":["GET"]}}],"collection":[{"href":"https:\/\/www.samenvoorlasante.be\/fr\/wp-json\/wp\/v2\/pages"}],"about":[{"href":"https:\/\/www.samenvoorlasante.be\/fr\/wp-json\/wp\/v2\/types\/page"}],"author":[{"embeddable":true,"href":"https:\/\/www.samenvoorlasante.be\/fr\/wp-json\/wp\/v2\/users\/2"}],"replies":[{"embeddable":true,"href":"https:\/\/www.samenvoorlasante.be\/fr\/wp-json\/wp\/v2\/comments?post=292"}],"version-history":[{"count":8,"href":"https:\/\/www.samenvoorlasante.be\/fr\/wp-json\/wp\/v2\/pages\/292\/revisions"}],"predecessor-version":[{"id":626,"href":"https:\/\/www.samenvoorlasante.be\/fr\/wp-json\/wp\/v2\/pages\/292\/revisions\/626"}],"up":[{"embeddable":true,"href":"https:\/\/www.samenvoorlasante.be\/fr\/wp-json\/wp\/v2\/pages\/114"}],"wp:attachment":[{"href":"https:\/\/www.samenvoorlasante.be\/fr\/wp-json\/wp\/v2\/media?parent=292"}],"curies":[{"name":"wp","href":"https:\/\/api.w.org\/{rel}","templated":true}]}}