{"id":294,"date":"2017-02-28T11:47:46","date_gmt":"2017-02-28T10:47:46","guid":{"rendered":"http:\/\/www.samenvoorlasante.be\/?page_id=294"},"modified":"2017-08-07T11:47:56","modified_gmt":"2017-08-07T09:47:56","slug":"projet","status":"publish","type":"page","link":"https:\/\/www.samenvoorlasante.be\/fr\/a-propos\/projet\/","title":{"rendered":"Le projet"},"content":{"rendered":"<p><\/p>\n<p style=\"text-align: justify;\"><strong>\u00ab\u00a0Ensemble pour la sant\u00e9\u00a0\u00bb-\u00ab\u00a0Samen voor gezondheid\u00a0\u00bb<\/strong> est une initiative de la <a href=\"http:\/\/www.sante-solidarite.be\/\" target=\"_blank\" rel=\"noopener\">Plate-forme d&rsquo;Action Sant\u00e9 et Solidarit\u00e9<\/a>.<\/p>\n<p style=\"text-align: justify;\"><span style=\"text-decoration: underline;\"><strong>De quoi s&rsquo;agit-il?<\/strong><\/span><\/p>\n<p style=\"text-align: justify;\"><strong>Une \u00ab\u00a0biennale nationale pour la sant\u00e9 et le mieux-\u00eatre\u00a0\u00bb dont la premi\u00e8re \u00e9dition aura lieu les 1er et 2 d\u00e9cembre 2017 \u00e0 Bruxelles.<\/strong><\/p>\n<p style=\"text-align: justify;\"><span style=\"text-decoration: underline;\"><strong>Comment et pourquoi le projet est-il n\u00e9?<\/strong> <\/span><\/p>\n<p style=\"text-align: justify;\">Nous sommes <strong>plus de <a href=\"http:\/\/www.samenvoorlasante.be\/fr\/partenaires\/\" target=\"_blank\" rel=\"noopener\">30 organisations partenaires flamandes, bruxelloises et wallonnes<\/a><\/strong> du secteur de la sant\u00e9 et du bien-\u00eatre, mais aussi des secteurs du logement, de l&rsquo;alimentation, de la mobilit\u00e9, de l&rsquo;enseignement, du travail, de la culture&#8230; Nous sommes tou-te-s convaincu-e-s que c&rsquo;est en rassemblant les forces et en collaborant que nous pourrons am\u00e9liorer la sant\u00e9 et r\u00e9duire les in\u00e9galit\u00e9s de sant\u00e9.<\/p>\n<p style=\"text-align: justify;\">La sant\u00e9 \u00e9tant d\u00e9termin\u00e9e principalement par des<strong> facteurs sociaux et \u00e9conomiques<\/strong>: revenu, emploi, \u00e9ducation, logement et environnement de vie, culture,&#8230; il est indispensable que des acteurs aux profils vari\u00e9s (citoyen-ne-s, professionnel-le-s, chercheurs-ses, \u00e9lu-e-s) oeuvrant dans une multitude de domaines de la vie quotidienne, se mobilisent.<\/p>\n<p style=\"text-align: justify;\">Depuis le d\u00e9but, nous collaborons \u00e0 travers un<strong> processus de co-construction<\/strong> qui m\u00e8ne, d\u00e9j\u00e0 maintenant, \u00e0 une dynamique passionnante permettant de d\u00e9couvrir des acteurs, d&rsquo;\u00e9changer des exp\u00e9riences et d&rsquo;encourager l&rsquo;expertise.<\/p>\n<p style=\"text-align: justify;\">Nous focalisons notre attention sur le <strong>niveau local<\/strong> et nous allons \u00e0 la rencontre des projets <strong>innovants<\/strong> mettant en place une approche <strong>participative<\/strong>. La biennale permettra de donner un coup de projecteur sur ces initiatives qui sont autant de bonnes pratiques.<\/p>\n<p style=\"text-align: justify;\">Nous voulons stimuler le <strong>soutien aux approches locales, participatives et citoyennes<\/strong> et favoriser une <strong>meilleure ad\u00e9quation entre le terrain, la recherche et les politiques.<\/strong><\/p>\n<p style=\"text-align: justify;\">Nous le faisons car nous pensons que ces initiatives contribuent \u00e0 une <strong>plus grande justice sociale, une plus grande solidarit\u00e9, une meilleure qualit\u00e9 de vie et sant\u00e9 pour toutes et tous.<\/strong><\/p>\n<p><\/p>","protected":false},"excerpt":{"rendered":"<p>\u00ab\u00a0Ensemble pour la sant\u00e9\u00a0\u00bb-\u00ab\u00a0Samen voor gezondheid\u00a0\u00bb est une initiative de la Plate-forme d&rsquo;Action Sant\u00e9 et Solidarit\u00e9. De quoi s&rsquo;agit-il? Une \u00ab\u00a0biennale nationale pour la sant\u00e9 et le mieux-\u00eatre\u00a0\u00bb dont la premi\u00e8re \u00e9dition aura lieu les 1er et 2 d\u00e9cembre 2017 \u00e0 Bruxelles. Comment et pourquoi le projet est-il n\u00e9? Nous sommes plus de 30 organisations &hellip; <\/p>\n<p class=\"link-more\"><a href=\"https:\/\/www.samenvoorlasante.be\/fr\/a-propos\/projet\/\" class=\"more-link\">Continuer la lecture<span class=\"screen-reader-text\"> de &laquo;&nbsp;Le projet&nbsp;&raquo;<\/span><\/a><\/p>\n","protected":false},"author":2,"featured_media":0,"parent":114,"menu_order":3,"comment_status":"closed","ping_status":"closed","template":"","meta":{"_acf_changed":false,"footnotes":""},"class_list":["post-294","page","type-page","status-publish","hentry"],"acf":[],"_links":{"self":[{"href":"https:\/\/www.samenvoorlasante.be\/fr\/wp-json\/wp\/v2\/pages\/294","targetHints":{"allow":["GET"]}}],"collection":[{"href":"https:\/\/www.samenvoorlasante.be\/fr\/wp-json\/wp\/v2\/pages"}],"about":[{"href":"https:\/\/www.samenvoorlasante.be\/fr\/wp-json\/wp\/v2\/types\/page"}],"author":[{"embeddable":true,"href":"https:\/\/www.samenvoorlasante.be\/fr\/wp-json\/wp\/v2\/users\/2"}],"replies":[{"embeddable":true,"href":"https:\/\/www.samenvoorlasante.be\/fr\/wp-json\/wp\/v2\/comments?post=294"}],"version-history":[{"count":29,"href":"https:\/\/www.samenvoorlasante.be\/fr\/wp-json\/wp\/v2\/pages\/294\/revisions"}],"predecessor-version":[{"id":1016,"href":"https:\/\/www.samenvoorlasante.be\/fr\/wp-json\/wp\/v2\/pages\/294\/revisions\/1016"}],"up":[{"embeddable":true,"href":"https:\/\/www.samenvoorlasante.be\/fr\/wp-json\/wp\/v2\/pages\/114"}],"wp:attachment":[{"href":"https:\/\/www.samenvoorlasante.be\/fr\/wp-json\/wp\/v2\/media?parent=294"}],"curies":[{"name":"wp","href":"https:\/\/api.w.org\/{rel}","templated":true}]}}