{"id":429,"date":"2017-03-06T12:57:43","date_gmt":"2017-03-06T11:57:43","guid":{"rendered":"http:\/\/www.samenvoorlasante.be\/?page_id=429"},"modified":"2017-11-15T16:55:09","modified_gmt":"2017-11-15T15:55:09","slug":"inscriptions","status":"publish","type":"page","link":"https:\/\/www.samenvoorlasante.be\/fr\/inscriptions\/","title":{"rendered":"S&rsquo;inscrire"},"content":{"rendered":"<p><\/p>\n<h1>Formulaire d&rsquo;inscription aux <a href=\"http:\/\/www.samenvoorlasante.be\/programme\">Rencontres 2017\u00a0 &#8211; Ensemble pour la sant\u00e9<\/a> &#8211;\u00a0 1 et 2 d\u00e9cembre 2017<\/h1>\n<p><em>Pour garantir la dynamique de co-cr\u00e9ation de la biennale 2017, une pr\u00e9sence le vendredi 01\/12 <b>et<\/b> le samedi 02\/12 est vivement souhait\u00e9e.<\/em><\/p>\n<h5>Que pouvons-nous faire pour am\u00e9liorer, ensemble, la sant\u00e9 de tou-te-s ?<\/h5>\n<p class=\"western\" align=\"center\"><em><span lang=\"fr-BE\">Venez d\u00e9couvrir des initiatives locales, participatives et citoyennes qui contribuent \u00e0 une plus grande justice sociale, une plus grande solidarit\u00e9, une meilleure qualit\u00e9 de vie et sant\u00e9 pour toutes et tous.<\/span><\/em><\/p>\n<p align=\"center\">Merci de remplir ce formulaire d&rsquo;inscription &#8211; inscription individuelle svp:<\/p>\n\n<div class=\"wpcf7 no-js\" id=\"wpcf7-f1301-o1\" lang=\"fr-FR\" dir=\"ltr\" data-wpcf7-id=\"1301\">\n<div class=\"screen-reader-response\"><p role=\"status\" aria-live=\"polite\" aria-atomic=\"true\"><\/p> <ul><\/ul><\/div>\n<form action=\"\/fr\/wp-json\/wp\/v2\/pages\/429#wpcf7-f1301-o1\" method=\"post\" class=\"wpcf7-form init\" aria-label=\"Formulaire de contact\" novalidate=\"novalidate\" data-status=\"init\">\n<fieldset class=\"hidden-fields-container\"><input type=\"hidden\" name=\"_wpcf7\" value=\"1301\" \/><input type=\"hidden\" name=\"_wpcf7_version\" value=\"6.1.5\" \/><input type=\"hidden\" name=\"_wpcf7_locale\" value=\"fr_FR\" \/><input type=\"hidden\" name=\"_wpcf7_unit_tag\" value=\"wpcf7-f1301-o1\" \/><input type=\"hidden\" name=\"_wpcf7_container_post\" value=\"0\" \/><input type=\"hidden\" name=\"_wpcf7_posted_data_hash\" value=\"\" \/>\n<\/fieldset>\n<p><label> Nom<br \/>\n<span class=\"wpcf7-form-control-wrap\" data-name=\"yourname\"><input size=\"40\" maxlength=\"400\" class=\"wpcf7-form-control wpcf7-text wpcf7-validates-as-required\" aria-required=\"true\" aria-invalid=\"false\" value=\"\" type=\"text\" name=\"yourname\" \/><\/span> <\/label>\n<\/p>\n<p><label> Pr\u00e9nom<br \/>\n<span class=\"wpcf7-form-control-wrap\" data-name=\"firstname\"><input size=\"40\" maxlength=\"400\" class=\"wpcf7-form-control wpcf7-text wpcf7-validates-as-required\" aria-required=\"true\" aria-invalid=\"false\" value=\"\" type=\"text\" name=\"firstname\" \/><\/span> <\/label>\n<\/p>\n<p><label> Organisation<br \/>\n<span class=\"wpcf7-form-control-wrap\" data-name=\"organisation\"><input size=\"40\" maxlength=\"400\" class=\"wpcf7-form-control wpcf7-text\" aria-invalid=\"false\" value=\"\" type=\"text\" name=\"organisation\" \/><\/span> <\/label>\n<\/p>\n<p><label> Email<br \/>\n<span class=\"wpcf7-form-control-wrap\" data-name=\"email\"><input size=\"40\" maxlength=\"400\" class=\"wpcf7-form-control wpcf7-email wpcf7-validates-as-required wpcf7-text wpcf7-validates-as-email\" aria-required=\"true\" aria-invalid=\"false\" value=\"\" type=\"email\" name=\"email\" \/><\/span> <\/label>\n<\/p>\n<p><label> Contact t\u00e9l\u00e9phonique<br \/>\n<span class=\"wpcf7-form-control-wrap\" data-name=\"tel\"><input size=\"40\" maxlength=\"400\" class=\"wpcf7-form-control wpcf7-tel wpcf7-validates-as-required wpcf7-text wpcf7-validates-as-tel\" aria-required=\"true\" aria-invalid=\"false\" value=\"\" type=\"tel\" name=\"tel\" \/><\/span> <\/label>\n<\/p>\n<p>\"Ensemble pour la sant\u00e9\" a pr\u00e9vu un service d\u2019accueil des enfants le samedi 2 d\u00e9cembre. Souhaitez-vous faire usage de ce service? <label> Combien d'enfants souhaitez-vous inscrire? <\/label><br \/>\n<span class=\"wpcf7-form-control-wrap\" data-name=\"KidsNumber\"><select class=\"wpcf7-form-control wpcf7-select\" aria-invalid=\"false\" name=\"KidsNumber\"><option value=\"\">&#8212;Veuillez choisir une option&#8212;<\/option><option value=\"1\">1<\/option><option value=\"2\">2<\/option><option value=\"3\">3<\/option><option value=\"4\">4<\/option><\/select><\/span>\n<\/p>\n<p><label> Quel \u00e2ge ont vos enfants?<br \/>\n<span class=\"wpcf7-form-control-wrap\" data-name=\"KidsAge\"><input size=\"40\" maxlength=\"400\" class=\"wpcf7-form-control wpcf7-text\" aria-invalid=\"false\" value=\"\" type=\"text\" name=\"KidsAge\" \/><\/span><\/label>\n<\/p>\n<p>Afin de de faciliter la communication entre tous les participants, nous souhaitons savoir les langues que les participants parlent et comprennent.<br \/>\n<label> Quelles langues ma\u00eetrisez-vous \u00e0 l'oral?<br \/>\n<span class=\"wpcf7-form-control-wrap\" data-name=\"Language\"><input size=\"40\" maxlength=\"400\" class=\"wpcf7-form-control wpcf7-text\" aria-invalid=\"false\" value=\"\" type=\"text\" name=\"Language\" \/><\/span><\/label>\n<\/p>\n<p><label> Cochez le type de participation : <\/label><br \/>\n<span class=\"wpcf7-form-control-wrap\" data-name=\"Price\"><span class=\"wpcf7-form-control wpcf7-checkbox wpcf7-validates-as-required wpcf7-exclusive-checkbox\"><span class=\"wpcf7-list-item first\"><input type=\"checkbox\" name=\"Price\" value=\"25 \u20ac pp car je participe \u00e0 titre professionnel y compris si je pr\u00e9sente une initiative\" \/><span class=\"wpcf7-list-item-label\">25 \u20ac pp car je participe \u00e0 titre professionnel y compris si je pr\u00e9sente une initiative<\/span><\/span><span class=\"wpcf7-list-item\"><input type=\"checkbox\" name=\"Price\" value=\"10\u20ac pp car je participe \u00e0 titre personnel\" \/><span class=\"wpcf7-list-item-label\">10\u20ac pp car je participe \u00e0 titre personnel<\/span><\/span><span class=\"wpcf7-list-item last\"><input type=\"checkbox\" name=\"Price\" value=\"gratuit car je participe \u00e0 titre personnel et je pr\u00e9sente une initiative sur le March\u00e9 ou en atelier et je ne paie rien\" \/><span class=\"wpcf7-list-item-label\">gratuit car je participe \u00e0 titre personnel et je pr\u00e9sente une initiative sur le March\u00e9 ou en atelier et je ne paie rien<\/span><\/span><\/span><\/span>\n<\/p>\n<p><label> Remarques \u00e9ventuelles (optionnel)<br \/>\n<span class=\"wpcf7-form-control-wrap\" data-name=\"Remarks\"><textarea cols=\"40\" rows=\"10\" maxlength=\"2000\" class=\"wpcf7-form-control wpcf7-textarea\" aria-invalid=\"false\" name=\"Remarks\"><\/textarea><\/span> <\/label>\n<\/p>\n<p><label> Le paiement confirme votre inscription.<\/label> Veuillez verser, pour le 27 novembre 2017 au plus tard, le montant sur le compte n\u00b0 BE21 5230 8060 9503 de la Plate-forme d'Action Sant\u00e9 Solidarit\u00e9 en mentionnant votre nom et \"Ensemble pour la sant\u00e9\".\n<\/p>\n<p>[recaptcha]\n<\/p>\n<p><label><\/label>\n<\/p>\n<p><input class=\"wpcf7-form-control wpcf7-submit has-spinner\" type=\"submit\" value=\"Je m&#039;inscris\" \/>\n<\/p><p style=\"display: none !important;\" class=\"akismet-fields-container\" data-prefix=\"_wpcf7_ak_\"><label>&#916;<textarea name=\"_wpcf7_ak_hp_textarea\" cols=\"45\" rows=\"8\" maxlength=\"100\"><\/textarea><\/label><input type=\"hidden\" id=\"ak_js_1\" name=\"_wpcf7_ak_js\" value=\"190\"\/><script>document.getElementById( \"ak_js_1\" ).setAttribute( \"value\", ( new Date() ).getTime() );<\/script><\/p><div class=\"wpcf7-response-output\" aria-hidden=\"true\"><\/div>\n<\/form>\n<\/div>\n\n<p><em>Si le prix est un frein \u00e0 votre participation, contactez-nous pour trouver une solution!<\/em><\/p>\n<p>&nbsp;<\/p>\n<p><code><\/code><code><\/code><\/p>","protected":false},"excerpt":{"rendered":"<p>Formulaire d&rsquo;inscription aux Rencontres 2017\u00a0 &#8211; Ensemble pour la sant\u00e9 &#8211;\u00a0 1 et 2 d\u00e9cembre 2017 Pour garantir la dynamique de co-cr\u00e9ation de la biennale 2017, une pr\u00e9sence le vendredi 01\/12 et le samedi 02\/12 est vivement souhait\u00e9e. Que pouvons-nous faire pour am\u00e9liorer, ensemble, la sant\u00e9 de tou-te-s ? Venez d\u00e9couvrir des initiatives locales, participatives &hellip; <\/p>\n<p class=\"link-more\"><a href=\"https:\/\/www.samenvoorlasante.be\/fr\/inscriptions\/\" class=\"more-link\">Continuer la lecture<span class=\"screen-reader-text\"> de &laquo;&nbsp;S&rsquo;inscrire&nbsp;&raquo;<\/span><\/a><\/p>\n","protected":false},"author":1,"featured_media":0,"parent":0,"menu_order":0,"comment_status":"closed","ping_status":"closed","template":"","meta":{"_acf_changed":false,"footnotes":""},"class_list":["post-429","page","type-page","status-publish","hentry"],"acf":[],"_links":{"self":[{"href":"https:\/\/www.samenvoorlasante.be\/fr\/wp-json\/wp\/v2\/pages\/429","targetHints":{"allow":["GET"]}}],"collection":[{"href":"https:\/\/www.samenvoorlasante.be\/fr\/wp-json\/wp\/v2\/pages"}],"about":[{"href":"https:\/\/www.samenvoorlasante.be\/fr\/wp-json\/wp\/v2\/types\/page"}],"author":[{"embeddable":true,"href":"https:\/\/www.samenvoorlasante.be\/fr\/wp-json\/wp\/v2\/users\/1"}],"replies":[{"embeddable":true,"href":"https:\/\/www.samenvoorlasante.be\/fr\/wp-json\/wp\/v2\/comments?post=429"}],"version-history":[{"count":30,"href":"https:\/\/www.samenvoorlasante.be\/fr\/wp-json\/wp\/v2\/pages\/429\/revisions"}],"predecessor-version":[{"id":1547,"href":"https:\/\/www.samenvoorlasante.be\/fr\/wp-json\/wp\/v2\/pages\/429\/revisions\/1547"}],"wp:attachment":[{"href":"https:\/\/www.samenvoorlasante.be\/fr\/wp-json\/wp\/v2\/media?parent=429"}],"curies":[{"name":"wp","href":"https:\/\/api.w.org\/{rel}","templated":true}]}}