{"id":83,"date":"2017-01-16T10:09:07","date_gmt":"2017-01-16T09:09:07","guid":{"rendered":"http:\/\/www.samenvoorlasante.be\/?page_id=83"},"modified":"2019-09-18T11:00:43","modified_gmt":"2019-09-18T09:00:43","slug":"rencontres-ensemble-pour-la-sante","status":"publish","type":"page","link":"https:\/\/www.samenvoorlasante.be\/fr\/","title":{"rendered":"Ensemble pour la sant\u00e9"},"content":{"rendered":"<p>Sur ce site vous pouvez tout savoir sur le projet Samen voor Gezondheid &#8211; Ensemble pour la Sant\u00e9. Le projet dans lequel les actions participatives locales en mati\u00e8re d&rsquo;in\u00e9galit\u00e9s de sant\u00e9 sont centrales.<\/p>\n<p><span class=\"tlid-translation translation\"><span class=\"\" title=\"\">Nous pouvons revenir sur un bel \u00e9v\u00e9nement en 2017, en profiter:<\/span><\/span><\/p>\n<p><iframe loading=\"lazy\" title=\"Ensemble pour la sant\u00e9 - Samen voor Gezondheid\" width=\"525\" height=\"295\" src=\"https:\/\/www.youtube.com\/embed\/PiVZHMsNG3Y?feature=oembed\" frameborder=\"0\" allow=\"accelerometer; autoplay; clipboard-write; encrypted-media; gyroscope; picture-in-picture; web-share\" referrerpolicy=\"strict-origin-when-cross-origin\" allowfullscreen><\/iframe><\/p>\n<p>&nbsp;<\/p>\n<div id='gallery-1' class='gallery galleryid-83 gallery-columns-3 gallery-size-thumbnail'><figure class='gallery-item'>\n\t\t\t<div class='gallery-icon landscape'>\n\t\t\t\t<a href='https:\/\/www.samenvoorlasante.be\/fr\/rencontres-ensemble-pour-la-sante\/ensemblepourlasantei%c2%81_07\/'><img loading=\"lazy\" decoding=\"async\" width=\"200\" height=\"200\" src=\"https:\/\/www.samenvoorlasante.be\/wp-content\/uploads\/2017\/12\/Ensemblepourlasante\u00cc\u0081_07-200x200.jpg\" class=\"attachment-thumbnail size-thumbnail\" alt=\"Ensemble pour la sante_Samen voor gezondheid\" srcset=\"https:\/\/www.samenvoorlasante.be\/wp-content\/uploads\/2017\/12\/Ensemblepourlasante\u00cc\u0081_07-200x200.jpg 200w, https:\/\/www.samenvoorlasante.be\/wp-content\/uploads\/2017\/12\/Ensemblepourlasante\u00cc\u0081_07-100x100.jpg 100w\" sizes=\"auto, 100vw\" \/><\/a>\n\t\t\t<\/div><\/figure><figure class='gallery-item'>\n\t\t\t<div class='gallery-icon landscape'>\n\t\t\t\t<a href='https:\/\/www.samenvoorlasante.be\/fr\/rencontres-ensemble-pour-la-sante\/ensemblepourlasantei%c2%81_01\/'><img loading=\"lazy\" decoding=\"async\" width=\"200\" height=\"200\" src=\"https:\/\/www.samenvoorlasante.be\/wp-content\/uploads\/2017\/12\/Ensemblepourlasante\u00cc\u0081_01-200x200.jpg\" class=\"attachment-thumbnail size-thumbnail\" alt=\"Ensemble pour la sante_Samen voor gezondheid\" srcset=\"https:\/\/www.samenvoorlasante.be\/wp-content\/uploads\/2017\/12\/Ensemblepourlasante\u00cc\u0081_01-200x200.jpg 200w, https:\/\/www.samenvoorlasante.be\/wp-content\/uploads\/2017\/12\/Ensemblepourlasante\u00cc\u0081_01-100x100.jpg 100w\" sizes=\"auto, 100vw\" \/><\/a>\n\t\t\t<\/div><\/figure><figure class='gallery-item'>\n\t\t\t<div class='gallery-icon landscape'>\n\t\t\t\t<a href='https:\/\/www.samenvoorlasante.be\/fr\/rencontres-ensemble-pour-la-sante\/ensemblepourlasantei%c2%81_09\/'><img loading=\"lazy\" decoding=\"async\" width=\"200\" height=\"200\" src=\"https:\/\/www.samenvoorlasante.be\/wp-content\/uploads\/2017\/12\/Ensemblepourlasante\u00cc\u0081_09-200x200.jpg\" class=\"attachment-thumbnail size-thumbnail\" alt=\"Ensemble pour la sante_Samen voor gezondheid\" srcset=\"https:\/\/www.samenvoorlasante.be\/wp-content\/uploads\/2017\/12\/Ensemblepourlasante\u00cc\u0081_09-200x200.jpg 200w, https:\/\/www.samenvoorlasante.be\/wp-content\/uploads\/2017\/12\/Ensemblepourlasante\u00cc\u0081_09-100x100.jpg 100w\" sizes=\"auto, 100vw\" \/><\/a>\n\t\t\t<\/div><\/figure><figure class='gallery-item'>\n\t\t\t<div class='gallery-icon landscape'>\n\t\t\t\t<a href='https:\/\/www.samenvoorlasante.be\/fr\/rencontres-ensemble-pour-la-sante\/ensemblepourlasantei%c2%81_10\/'><img loading=\"lazy\" decoding=\"async\" width=\"200\" height=\"200\" src=\"https:\/\/www.samenvoorlasante.be\/wp-content\/uploads\/2017\/12\/Ensemblepourlasante\u00cc\u0081_10-200x200.jpg\" class=\"attachment-thumbnail size-thumbnail\" alt=\"Ensemble pour la sante_Samen voor gezondheid\" srcset=\"https:\/\/www.samenvoorlasante.be\/wp-content\/uploads\/2017\/12\/Ensemblepourlasante\u00cc\u0081_10-200x200.jpg 200w, https:\/\/www.samenvoorlasante.be\/wp-content\/uploads\/2017\/12\/Ensemblepourlasante\u00cc\u0081_10-100x100.jpg 100w\" sizes=\"auto, 100vw\" \/><\/a>\n\t\t\t<\/div><\/figure><figure class='gallery-item'>\n\t\t\t<div class='gallery-icon landscape'>\n\t\t\t\t<a href='https:\/\/www.samenvoorlasante.be\/fr\/rencontres-ensemble-pour-la-sante\/ensemblepourlasantei%c2%81_13\/'><img loading=\"lazy\" decoding=\"async\" width=\"200\" height=\"200\" src=\"https:\/\/www.samenvoorlasante.be\/wp-content\/uploads\/2017\/12\/Ensemblepourlasante\u00cc\u0081_13-200x200.jpg\" class=\"attachment-thumbnail size-thumbnail\" alt=\"Ensemble pour la sante_Samen voor gezondheid\" srcset=\"https:\/\/www.samenvoorlasante.be\/wp-content\/uploads\/2017\/12\/Ensemblepourlasante\u00cc\u0081_13-200x200.jpg 200w, https:\/\/www.samenvoorlasante.be\/wp-content\/uploads\/2017\/12\/Ensemblepourlasante\u00cc\u0081_13-100x100.jpg 100w\" sizes=\"auto, 100vw\" \/><\/a>\n\t\t\t<\/div><\/figure><figure class='gallery-item'>\n\t\t\t<div class='gallery-icon landscape'>\n\t\t\t\t<a href='https:\/\/www.samenvoorlasante.be\/fr\/rencontres-ensemble-pour-la-sante\/ensemblepourlasantei%c2%81_14\/'><img loading=\"lazy\" decoding=\"async\" width=\"200\" height=\"200\" src=\"https:\/\/www.samenvoorlasante.be\/wp-content\/uploads\/2017\/12\/Ensemblepourlasante\u00cc\u0081_14-200x200.jpg\" class=\"attachment-thumbnail size-thumbnail\" alt=\"Ensemble pour la sante_Samen voor gezondheid\" srcset=\"https:\/\/www.samenvoorlasante.be\/wp-content\/uploads\/2017\/12\/Ensemblepourlasante\u00cc\u0081_14-200x200.jpg 200w, https:\/\/www.samenvoorlasante.be\/wp-content\/uploads\/2017\/12\/Ensemblepourlasante\u00cc\u0081_14-100x100.jpg 100w\" sizes=\"auto, 100vw\" \/><\/a>\n\t\t\t<\/div><\/figure><figure class='gallery-item'>\n\t\t\t<div class='gallery-icon landscape'>\n\t\t\t\t<a href='https:\/\/www.samenvoorlasante.be\/fr\/rencontres-ensemble-pour-la-sante\/ensemblepourlasantei%c2%81_24\/'><img loading=\"lazy\" decoding=\"async\" width=\"200\" height=\"200\" src=\"https:\/\/www.samenvoorlasante.be\/wp-content\/uploads\/2017\/12\/Ensemblepourlasante\u00cc\u0081_24-200x200.jpg\" class=\"attachment-thumbnail size-thumbnail\" alt=\"Ensemble pour la sante_Samen voor gezondheid\" srcset=\"https:\/\/www.samenvoorlasante.be\/wp-content\/uploads\/2017\/12\/Ensemblepourlasante\u00cc\u0081_24-200x200.jpg 200w, https:\/\/www.samenvoorlasante.be\/wp-content\/uploads\/2017\/12\/Ensemblepourlasante\u00cc\u0081_24-100x100.jpg 100w\" sizes=\"auto, 100vw\" \/><\/a>\n\t\t\t<\/div><\/figure><figure class='gallery-item'>\n\t\t\t<div class='gallery-icon landscape'>\n\t\t\t\t<a href='https:\/\/www.samenvoorlasante.be\/fr\/rencontres-ensemble-pour-la-sante\/ensemblepourlasantei%c2%81_36\/'><img loading=\"lazy\" decoding=\"async\" width=\"200\" height=\"200\" src=\"https:\/\/www.samenvoorlasante.be\/wp-content\/uploads\/2017\/12\/Ensemblepourlasante\u00cc\u0081_36-200x200.jpg\" class=\"attachment-thumbnail size-thumbnail\" alt=\"Ensemble pour la sante_Samen voor gezondheid\" srcset=\"https:\/\/www.samenvoorlasante.be\/wp-content\/uploads\/2017\/12\/Ensemblepourlasante\u00cc\u0081_36-200x200.jpg 200w, https:\/\/www.samenvoorlasante.be\/wp-content\/uploads\/2017\/12\/Ensemblepourlasante\u00cc\u0081_36-100x100.jpg 100w\" sizes=\"auto, 100vw\" \/><\/a>\n\t\t\t<\/div><\/figure><figure class='gallery-item'>\n\t\t\t<div class='gallery-icon landscape'>\n\t\t\t\t<a href='https:\/\/www.samenvoorlasante.be\/fr\/rencontres-ensemble-pour-la-sante\/ensemblepourlasantei%c2%81_46\/'><img loading=\"lazy\" decoding=\"async\" width=\"200\" height=\"200\" src=\"https:\/\/www.samenvoorlasante.be\/wp-content\/uploads\/2017\/12\/Ensemblepourlasante\u00cc\u0081_46-200x200.jpg\" class=\"attachment-thumbnail size-thumbnail\" alt=\"Ensemble pour la sante_Samen voor gezondheid\" srcset=\"https:\/\/www.samenvoorlasante.be\/wp-content\/uploads\/2017\/12\/Ensemblepourlasante\u00cc\u0081_46-200x200.jpg 200w, https:\/\/www.samenvoorlasante.be\/wp-content\/uploads\/2017\/12\/Ensemblepourlasante\u00cc\u0081_46-100x100.jpg 100w\" sizes=\"auto, 100vw\" \/><\/a>\n\t\t\t<\/div><\/figure><figure class='gallery-item'>\n\t\t\t<div class='gallery-icon landscape'>\n\t\t\t\t<a href='https:\/\/www.samenvoorlasante.be\/fr\/rencontres-ensemble-pour-la-sante\/ensemblepourlasantei%c2%81_50\/'><img loading=\"lazy\" decoding=\"async\" width=\"200\" height=\"200\" src=\"https:\/\/www.samenvoorlasante.be\/wp-content\/uploads\/2017\/12\/Ensemblepourlasante\u00cc\u0081_50-200x200.jpg\" class=\"attachment-thumbnail size-thumbnail\" alt=\"\" srcset=\"https:\/\/www.samenvoorlasante.be\/wp-content\/uploads\/2017\/12\/Ensemblepourlasante\u00cc\u0081_50-200x200.jpg 200w, https:\/\/www.samenvoorlasante.be\/wp-content\/uploads\/2017\/12\/Ensemblepourlasante\u00cc\u0081_50-100x100.jpg 100w\" sizes=\"auto, 100vw\" \/><\/a>\n\t\t\t<\/div><\/figure><figure class='gallery-item'>\n\t\t\t<div class='gallery-icon landscape'>\n\t\t\t\t<a href='https:\/\/www.samenvoorlasante.be\/fr\/rencontres-ensemble-pour-la-sante\/ensemblepourlasantei%c2%81_59\/'><img loading=\"lazy\" decoding=\"async\" width=\"200\" height=\"200\" src=\"https:\/\/www.samenvoorlasante.be\/wp-content\/uploads\/2017\/12\/Ensemblepourlasante\u00cc\u0081_59-200x200.jpg\" class=\"attachment-thumbnail size-thumbnail\" alt=\"Ensemble pour la sante_Samen voor gezondheid\" srcset=\"https:\/\/www.samenvoorlasante.be\/wp-content\/uploads\/2017\/12\/Ensemblepourlasante\u00cc\u0081_59-200x200.jpg 200w, https:\/\/www.samenvoorlasante.be\/wp-content\/uploads\/2017\/12\/Ensemblepourlasante\u00cc\u0081_59-100x100.jpg 100w\" sizes=\"auto, 100vw\" \/><\/a>\n\t\t\t<\/div><\/figure>\n\t\t<\/div>\n\n<p><span class=\"tlid-translation translation\"><span title=\"\">En attendant, un travail est accompli en coulisse pour traiter les r\u00e9sultats et planifier l&rsquo;action suivante.\u00a0Tout cela sur ce site web.<\/span> <\/span><\/p>\n<p><span class=\"tlid-translation translation\"><span title=\"\">Voulez-vous coop\u00e9rer avec cela? Envoye<\/span><\/span><span class=\"tlid-translation translation\"><span class=\"\" title=\"\">z-nous un message: info@samenvoorlasante.be.<\/span><\/span><\/p>\n<p>Pour les nouvelles les plus r\u00e9centes : <a href=\"http:\/\/www.samenvoorlasante.be\/fr\/actualite\/\">Actualit\u00e9\u00a0<\/a><\/p>\n<p class=\"widget-title\"><em>Si vous souhaitez plus d&rsquo;informations, lisez la <a href=\"http:\/\/www.samenvoorlasante.be\/fr\/a-propos\/projet\/\" target=\"_blank\" rel=\"noopener noreferrer\">description <\/a>et les <a href=\"http:\/\/www.samenvoorlasante.be\/fr\/a-propos\/objectifs\/\" target=\"_blank\" rel=\"noopener noreferrer\">objectifs<\/a> du projet \u00ab\u00a0Ensemble pour la sant\u00e9\u00a0\u00bb.<br \/>\n<\/em><\/p>\n<p>&nbsp;<\/p>","protected":false},"excerpt":{"rendered":"<p>Sur ce site vous pouvez tout savoir sur le projet Samen voor Gezondheid &#8211; Ensemble pour la Sant\u00e9. Le projet dans lequel les actions participatives locales en mati\u00e8re d&rsquo;in\u00e9galit\u00e9s de sant\u00e9 sont centrales. Nous pouvons revenir sur un bel \u00e9v\u00e9nement en 2017, en profiter: &nbsp; En attendant, un travail est accompli en coulisse pour traiter &hellip; <\/p>\n<p class=\"link-more\"><a href=\"https:\/\/www.samenvoorlasante.be\/fr\/\" class=\"more-link\">Continuer la lecture<span class=\"screen-reader-text\"> de &laquo;&nbsp;Ensemble pour la sant\u00e9&nbsp;&raquo;<\/span><\/a><\/p>\n","protected":false},"author":2,"featured_media":0,"parent":0,"menu_order":0,"comment_status":"closed","ping_status":"closed","template":"","meta":{"_acf_changed":false,"footnotes":""},"class_list":["post-83","page","type-page","status-publish","hentry"],"acf":[],"_links":{"self":[{"href":"https:\/\/www.samenvoorlasante.be\/fr\/wp-json\/wp\/v2\/pages\/83","targetHints":{"allow":["GET"]}}],"collection":[{"href":"https:\/\/www.samenvoorlasante.be\/fr\/wp-json\/wp\/v2\/pages"}],"about":[{"href":"https:\/\/www.samenvoorlasante.be\/fr\/wp-json\/wp\/v2\/types\/page"}],"author":[{"embeddable":true,"href":"https:\/\/www.samenvoorlasante.be\/fr\/wp-json\/wp\/v2\/users\/2"}],"replies":[{"embeddable":true,"href":"https:\/\/www.samenvoorlasante.be\/fr\/wp-json\/wp\/v2\/comments?post=83"}],"version-history":[{"count":123,"href":"https:\/\/www.samenvoorlasante.be\/fr\/wp-json\/wp\/v2\/pages\/83\/revisions"}],"predecessor-version":[{"id":2156,"href":"https:\/\/www.samenvoorlasante.be\/fr\/wp-json\/wp\/v2\/pages\/83\/revisions\/2156"}],"wp:attachment":[{"href":"https:\/\/www.samenvoorlasante.be\/fr\/wp-json\/wp\/v2\/media?parent=83"}],"curies":[{"name":"wp","href":"https:\/\/api.w.org\/{rel}","templated":true}]}}