{"id":834,"date":"2017-08-07T11:45:14","date_gmt":"2017-08-07T09:45:14","guid":{"rendered":"http:\/\/www.samenvoorlasante.be\/?page_id=834"},"modified":"2017-08-07T11:57:01","modified_gmt":"2017-08-07T09:57:01","slug":"onze-visie","status":"publish","type":"page","link":"https:\/\/www.samenvoorlasante.be\/fr\/a-propos\/onze-visie\/","title":{"rendered":"Notre vision"},"content":{"rendered":"<p>\u00ab<strong>La sant\u00e9 est d\u00e9termin\u00e9e par des facteurs socio-\u00e9conomiques,<\/strong> environnementaux, culturels, \u00e9ducatifs et comportementaux\u00bb. De plus, une corr\u00e9lation syst\u00e9matique s\u2019observe entre le niveau de sant\u00e9 et le gradient social. Voici sans doute l\u2019\u00e9volution la plus significative de \u00abce qui fait sant\u00e9\u00bb en ce d\u00e9but de XXIe si\u00e8cle. Ainsi le foss\u00e9 des in\u00e9galit\u00e9s sociales de sant\u00e9 se creuse, la crise \u00e9conomique et financi\u00e8re actuelle accro\u00eet la pr\u00e9carisation d\u2019une plus large frange de la population et aggrave cette injustice (D\u00e9termine, Rapport Final, OMS, 2010).<\/p>\n<p>En Belgique aussi, les \u00e9carts se creusent chaque ann\u00e9e. Nous partageons les conclusions de la commission des d\u00e9terminants sociaux de l\u2019OMS en 2008 d\u00e9j\u00e0: \u00abL\u2019injustice sociale tue. La r\u00e9partition in\u00e9gale des facteurs qui nuisent \u00e0 la sant\u00e9 n\u2019est en aucun cas un ph\u00e9nom\u00e8ne naturel. Elle r\u00e9sulte de l\u2019effet conjugu\u00e9 de programmes sociaux insuffisants, de pratiques \u00e9conomiques injustes et de strat\u00e9gies politiques mal pens\u00e9es.\u00bb<\/p>\n<p><strong>Ces r\u00e9alit\u00e9s impliquent une mobilisation \u2013citoyenne et politique<\/strong> \u2013en faveur d\u2019actions innovantes et durables. L\u2019analyse d\u2019actions exemplaires montrent la n\u00e9cessit\u00e9 d\u2019une participation de tous les groupes de population y compris ceux qui sont le plus affect\u00e9s, et de tous les secteurs de la vie sociale, bien au-del\u00e0 de celui de la sant\u00e9.<\/p>\n<p>Au niveau local, un nombre croissant d\u2019acteurs du terrain, habitants \u2013usagers \u2013citoyens \u2013\u00e9lus et organisations sociales, s\u2019engagent d\u00e8s \u00e0 pr\u00e9sent dans des processus d\u2019action pour la transformation et le changement social. Ils s\u2019investissent dans de nouvelles pratiques, des d\u00e9marches communautaires, sous des formes coop\u00e9ratives, participatives, d\u00e9passant les clivages et les barri\u00e8res qui, habituellement, cloisonnent leur champ d\u2019action. Elles se d\u00e9veloppent dans divers milieux de vie (l\u2019\u00e9cole, l\u2019entreprise, le quartier, l\u2019activit\u00e9 sportive&#8230;) et mobilisent diff\u00e9rents secteurs (social, logement, environnement, mobilit\u00e9, \u00e9ducation, culture&#8230;).<\/p>\n<p>Dans cet engagement, se d\u00e9veloppe \u00abl\u2019empowerment, ou pouvoir de dire et d\u2019agir\u00bb tant au niveau individuel (agir sur soi-m\u00eame et ses proches), que collectif (mobiliser des ressources et d\u00e9cider des actions) et politique (plaider pour des choix et des d\u00e9cisions).<\/p>\n<p>Nous en retenons autant de capacit\u00e9s au service de la justice sociale et de la solidarit\u00e9 dans une perspective de mieux-\u00eatre pour tous et dans une vision et une construction positive d\u2019une qualit\u00e9 de vie qui produit de la sant\u00e9.<\/p>\n<p><strong>C\u2019est dans cet esprit de valorisation des possibles et de construction de r\u00e9ponses renouvel\u00e9es<\/strong> aux in\u00e9galit\u00e9s que la Plate-forme d\u2019Action Sant\u00e9 &amp; Solidarit\u00e9 souhaite ouvrir un chantier visant \u00e0 construire ensemble, transversalement, les conditions justes et \u00e9quitables de la sant\u00e9 pour tous.<\/p>\n<p>Cet itin\u00e9raire se propose de se poser tous les 2 ans dans le cadre d\u2019une <strong>biennale nationale pour la sant\u00e9 et le mieux-\u00eatre<\/strong> et donc, pour la premi\u00e8re fois en 2017.<\/p>\n<p>Notre appel \u00e0 participation et co-construction s\u2019adresse \u00e0 tous les acteurs, \u00e0 tous les secteurs qui influencent le mieux-\u00eatre et les in\u00e9galit\u00e9s en mati\u00e8re de sant\u00e9.<\/p>","protected":false},"excerpt":{"rendered":"<p>\u00abLa sant\u00e9 est d\u00e9termin\u00e9e par des facteurs socio-\u00e9conomiques, environnementaux, culturels, \u00e9ducatifs et comportementaux\u00bb. De plus, une corr\u00e9lation syst\u00e9matique s\u2019observe entre le niveau de sant\u00e9 et le gradient social. Voici sans doute l\u2019\u00e9volution la plus significative de \u00abce qui fait sant\u00e9\u00bb en ce d\u00e9but de XXIe si\u00e8cle. Ainsi le foss\u00e9 des in\u00e9galit\u00e9s sociales de sant\u00e9 se &hellip; <\/p>\n<p class=\"link-more\"><a href=\"https:\/\/www.samenvoorlasante.be\/fr\/a-propos\/onze-visie\/\" class=\"more-link\">Continuer la lecture<span class=\"screen-reader-text\"> de &laquo;&nbsp;Notre vision&nbsp;&raquo;<\/span><\/a><\/p>\n","protected":false},"author":2,"featured_media":0,"parent":114,"menu_order":2,"comment_status":"closed","ping_status":"closed","template":"","meta":{"_acf_changed":false,"footnotes":""},"class_list":["post-834","page","type-page","status-publish","hentry"],"acf":[],"_links":{"self":[{"href":"https:\/\/www.samenvoorlasante.be\/fr\/wp-json\/wp\/v2\/pages\/834","targetHints":{"allow":["GET"]}}],"collection":[{"href":"https:\/\/www.samenvoorlasante.be\/fr\/wp-json\/wp\/v2\/pages"}],"about":[{"href":"https:\/\/www.samenvoorlasante.be\/fr\/wp-json\/wp\/v2\/types\/page"}],"author":[{"embeddable":true,"href":"https:\/\/www.samenvoorlasante.be\/fr\/wp-json\/wp\/v2\/users\/2"}],"replies":[{"embeddable":true,"href":"https:\/\/www.samenvoorlasante.be\/fr\/wp-json\/wp\/v2\/comments?post=834"}],"version-history":[{"count":9,"href":"https:\/\/www.samenvoorlasante.be\/fr\/wp-json\/wp\/v2\/pages\/834\/revisions"}],"predecessor-version":[{"id":1027,"href":"https:\/\/www.samenvoorlasante.be\/fr\/wp-json\/wp\/v2\/pages\/834\/revisions\/1027"}],"up":[{"embeddable":true,"href":"https:\/\/www.samenvoorlasante.be\/fr\/wp-json\/wp\/v2\/pages\/114"}],"wp:attachment":[{"href":"https:\/\/www.samenvoorlasante.be\/fr\/wp-json\/wp\/v2\/media?parent=834"}],"curies":[{"name":"wp","href":"https:\/\/api.w.org\/{rel}","templated":true}]}}